{"id":71,"date":"2011-10-25T21:43:31","date_gmt":"2011-10-25T21:43:31","guid":{"rendered":"http:\/\/localhost:8888\/wordpress\/?page_id=71"},"modified":"2011-10-25T21:43:31","modified_gmt":"2011-10-25T21:43:31","slug":"formation-danimateurs-communautaires","status":"publish","type":"page","link":"https:\/\/www.cultivons-la-sante.ch\/?page_id=71","title":{"rendered":"Formation d&rsquo;animateurs communautaires"},"content":{"rendered":"<p>L\u2019autre th\u00e8me central de l\u2019association est l\u2019\u00e9ducation \u00e0 la sant\u00e9. Des animateurs communautaires re\u00e7oivent r\u00e9guli\u00e8rement une formation centr\u00e9e sur promotion et pr\u00e9vention de la sant\u00e9. La formation est donn\u00e9e par des professionnels de la sant\u00e9 (exemple infirmi\u00e8res, m\u00e9decins,) aux animateurs collinaires qui \u00e0 leur tour dispenseront les connaissances sanitaires au sein des populations locales habitants des petits villages isol\u00e9s et essentiellement agricoles.<\/p>\n<p align=\"JUSTIFY\">\n","protected":false},"excerpt":{"rendered":"<p>L\u2019autre th\u00e8me central de l\u2019association est l\u2019\u00e9ducation \u00e0 la sant\u00e9. Des animateurs communautaires re\u00e7oivent r\u00e9guli\u00e8rement une formation centr\u00e9e sur promotion et pr\u00e9vention de la sant\u00e9. La formation est donn\u00e9e par des professionnels de la sant\u00e9 (exemple infirmi\u00e8res, m\u00e9decins,) aux animateurs &hellip; <a href=\"https:\/\/www.cultivons-la-sante.ch\/?page_id=71\">Lire la suite <span class=\"meta-nav\">&rarr;<\/span><\/a><\/p>\n","protected":false},"author":1,"featured_media":0,"parent":67,"menu_order":1,"comment_status":"open","ping_status":"open","template":"","meta":[],"_links":{"self":[{"href":"https:\/\/www.cultivons-la-sante.ch\/index.php?rest_route=\/wp\/v2\/pages\/71"}],"collection":[{"href":"https:\/\/www.cultivons-la-sante.ch\/index.php?rest_route=\/wp\/v2\/pages"}],"about":[{"href":"https:\/\/www.cultivons-la-sante.ch\/index.php?rest_route=\/wp\/v2\/types\/page"}],"author":[{"embeddable":true,"href":"https:\/\/www.cultivons-la-sante.ch\/index.php?rest_route=\/wp\/v2\/users\/1"}],"replies":[{"embeddable":true,"href":"https:\/\/www.cultivons-la-sante.ch\/index.php?rest_route=%2Fwp%2Fv2%2Fcomments&post=71"}],"version-history":[{"count":1,"href":"https:\/\/www.cultivons-la-sante.ch\/index.php?rest_route=\/wp\/v2\/pages\/71\/revisions"}],"predecessor-version":[{"id":293,"href":"https:\/\/www.cultivons-la-sante.ch\/index.php?rest_route=\/wp\/v2\/pages\/71\/revisions\/293"}],"up":[{"embeddable":true,"href":"https:\/\/www.cultivons-la-sante.ch\/index.php?rest_route=\/wp\/v2\/pages\/67"}],"wp:attachment":[{"href":"https:\/\/www.cultivons-la-sante.ch\/index.php?rest_route=%2Fwp%2Fv2%2Fmedia&parent=71"}],"curies":[{"name":"wp","href":"https:\/\/api.w.org\/{rel}","templated":true}]}}