{"id":7,"date":"2011-10-25T19:02:35","date_gmt":"2011-10-25T19:02:35","guid":{"rendered":"http:\/\/localhost:8888\/wordpress\/?page_id=7"},"modified":"2011-10-25T19:02:35","modified_gmt":"2011-10-25T19:02:35","slug":"presentation","status":"publish","type":"page","link":"https:\/\/www.cultivons-la-sante.ch\/?page_id=7","title":{"rendered":"Pr\u00e9sentation"},"content":{"rendered":"<p>Une \u00e9ducation prioritairement centr\u00e9e sur l\u2019autonomie dans la gestion de sa sant\u00e9 , d\u00e9velopper une pr\u00e9vention claire et accessible pour tous, face aux diverses conduites \u00e0 risques ou \u00e0 l\u2019ignorance en s\u2019adaptant au mieux au contexte et aux besoins locaux avec des ressources locales.<\/p>\n<p>L\u2019association est active dans des zones rurales d\u2019un pays extr\u00eamement pauvre et o\u00f9 la population est extr\u00eamement vuln\u00e9rable, les diarrh\u00e9es, le paludisme, la malnutrition sont parmi les principales causes de d\u00e9c\u00e8s. L\u2019association vise \u00e0 r\u00e9duire la mortalit\u00e9 et la morbidit\u00e9 des populations locales vivant dans ces r\u00e9gions.<\/p>\n","protected":false},"excerpt":{"rendered":"<p>Une \u00e9ducation prioritairement centr\u00e9e sur l\u2019autonomie dans la gestion de sa sant\u00e9 , d\u00e9velopper une pr\u00e9vention claire et accessible pour tous, face aux diverses conduites \u00e0 risques ou \u00e0 l\u2019ignorance en s\u2019adaptant au mieux au contexte et aux besoins locaux &hellip; <a href=\"https:\/\/www.cultivons-la-sante.ch\/?page_id=7\">Lire la suite <span class=\"meta-nav\">&rarr;<\/span><\/a><\/p>\n","protected":false},"author":1,"featured_media":0,"parent":5,"menu_order":0,"comment_status":"open","ping_status":"open","template":"","meta":[],"_links":{"self":[{"href":"https:\/\/www.cultivons-la-sante.ch\/index.php?rest_route=\/wp\/v2\/pages\/7"}],"collection":[{"href":"https:\/\/www.cultivons-la-sante.ch\/index.php?rest_route=\/wp\/v2\/pages"}],"about":[{"href":"https:\/\/www.cultivons-la-sante.ch\/index.php?rest_route=\/wp\/v2\/types\/page"}],"author":[{"embeddable":true,"href":"https:\/\/www.cultivons-la-sante.ch\/index.php?rest_route=\/wp\/v2\/users\/1"}],"replies":[{"embeddable":true,"href":"https:\/\/www.cultivons-la-sante.ch\/index.php?rest_route=%2Fwp%2Fv2%2Fcomments&post=7"}],"version-history":[{"count":0,"href":"https:\/\/www.cultivons-la-sante.ch\/index.php?rest_route=\/wp\/v2\/pages\/7\/revisions"}],"up":[{"embeddable":true,"href":"https:\/\/www.cultivons-la-sante.ch\/index.php?rest_route=\/wp\/v2\/pages\/5"}],"wp:attachment":[{"href":"https:\/\/www.cultivons-la-sante.ch\/index.php?rest_route=%2Fwp%2Fv2%2Fmedia&parent=7"}],"curies":[{"name":"wp","href":"https:\/\/api.w.org\/{rel}","templated":true}]}}