{"id":65,"date":"2011-10-25T21:36:16","date_gmt":"2011-10-25T21:36:16","guid":{"rendered":"http:\/\/localhost:8888\/wordpress\/?page_id=65"},"modified":"2023-02-24T21:05:17","modified_gmt":"2023-02-24T21:05:17","slug":"en-cours","status":"publish","type":"page","link":"https:\/\/www.cultivons-la-sante.ch\/?page_id=65","title":{"rendered":"En cours"},"content":{"rendered":"\n<p>Nous sommes toujours actifs.<\/p>\n\n\n\n<p>_ Projets actuellement en cours : construction des fontaines d&rsquo;eau potable en communes de Giheta &#8211; Mutaho et Karusi. Nous basons nos activit\u00e9s sur l&rsquo;approche communautaire participative en partenariat avec la population locale.<\/p>\n\n\n\n<p>Vous pouvez consulter l&rsquo;avancement et la r\u00e9alisation de notre projet actuel: <a title=\"Culture de l\u00e9gumes\" href=\"http:\/\/localhost:8888\/wordpress\/?page_id=69\">culture de l\u00e9gumes<\/a>.<\/p>\n\n\n\n<p><em>&#8211; Fit4Care@School &amp; Clean4Care@School<\/em><\/p>\n\n\n\n<p>Nos deux nouveaux projets : Mobilit\u00e9 &nbsp;et Propret\u00e9 \u00e0 l&rsquo;\u00e9cole pour la Sant\u00e9.<\/p>\n\n\n\n<p>Le secteur concern\u00e9 : Ecoles primaires au Burundi. Les enfants ont une r\u00e9elle motivation pour bouger : ceci a un impact direct sur la sant\u00e9. De m\u00eame que la propret\u00e9 en g\u00e9n\u00e9rale et en particulier celle des mains. De r\u00e9els r\u00e9sultats d\u00e9montrent l&rsquo;efficacit\u00e9 et la pertinence sur terrain &nbsp;de ces projets. Merci de soutenir &nbsp;cette belle id\u00e9e !<\/p>\n","protected":false},"excerpt":{"rendered":"<p>Nous sommes toujours actifs. _ Projets actuellement en cours : construction des fontaines d&rsquo;eau potable en communes de Giheta &#8211; Mutaho et Karusi. Nous basons nos activit\u00e9s sur l&rsquo;approche communautaire participative en partenariat avec la population locale. Vous pouvez consulter &hellip; <a href=\"https:\/\/www.cultivons-la-sante.ch\/?page_id=65\">Lire la suite <span class=\"meta-nav\">&rarr;<\/span><\/a><\/p>\n","protected":false},"author":1,"featured_media":0,"parent":25,"menu_order":0,"comment_status":"open","ping_status":"open","template":"","meta":[],"_links":{"self":[{"href":"https:\/\/www.cultivons-la-sante.ch\/index.php?rest_route=\/wp\/v2\/pages\/65"}],"collection":[{"href":"https:\/\/www.cultivons-la-sante.ch\/index.php?rest_route=\/wp\/v2\/pages"}],"about":[{"href":"https:\/\/www.cultivons-la-sante.ch\/index.php?rest_route=\/wp\/v2\/types\/page"}],"author":[{"embeddable":true,"href":"https:\/\/www.cultivons-la-sante.ch\/index.php?rest_route=\/wp\/v2\/users\/1"}],"replies":[{"embeddable":true,"href":"https:\/\/www.cultivons-la-sante.ch\/index.php?rest_route=%2Fwp%2Fv2%2Fcomments&post=65"}],"version-history":[{"count":12,"href":"https:\/\/www.cultivons-la-sante.ch\/index.php?rest_route=\/wp\/v2\/pages\/65\/revisions"}],"predecessor-version":[{"id":390,"href":"https:\/\/www.cultivons-la-sante.ch\/index.php?rest_route=\/wp\/v2\/pages\/65\/revisions\/390"}],"up":[{"embeddable":true,"href":"https:\/\/www.cultivons-la-sante.ch\/index.php?rest_route=\/wp\/v2\/pages\/25"}],"wp:attachment":[{"href":"https:\/\/www.cultivons-la-sante.ch\/index.php?rest_route=%2Fwp%2Fv2%2Fmedia&parent=65"}],"curies":[{"name":"wp","href":"https:\/\/api.w.org\/{rel}","templated":true}]}}