{"id":61,"date":"2011-10-25T21:33:40","date_gmt":"2011-10-25T21:33:40","guid":{"rendered":"http:\/\/localhost:8888\/wordpress\/?page_id=61"},"modified":"2011-10-25T21:33:40","modified_gmt":"2011-10-25T21:33:40","slug":"kwashiorkor","status":"publish","type":"page","link":"https:\/\/www.cultivons-la-sante.ch\/?page_id=61","title":{"rendered":"Kwashiorkor"},"content":{"rendered":"<p>Soins aux enfants souffrant de Kwashiorkor\u00a0: Un enseignement sur la maladie, ses effets secondaire et la mani\u00e8re d\u2019y faire face a \u00e9t\u00e9 donn\u00e9 aux m\u00e8res. L\u2019association suit la courbe de croissance, le poids, et l\u2019\u00e9volution g\u00e9n\u00e9rale de 10 enfants entre 1 ann\u00e9e et 8 ans. ces familles sont toujours actives dans le projet de culture de l\u00e9gumes, un nouveau projet par rapport \u00e0 l\u2019\u00e9levage de poules pondeuses est en cours pour assurer une source en prot\u00e9ines.<\/p>\n","protected":false},"excerpt":{"rendered":"<p>Soins aux enfants souffrant de Kwashiorkor\u00a0: Un enseignement sur la maladie, ses effets secondaire et la mani\u00e8re d\u2019y faire face a \u00e9t\u00e9 donn\u00e9 aux m\u00e8res. L\u2019association suit la courbe de croissance, le poids, et l\u2019\u00e9volution g\u00e9n\u00e9rale de 10 enfants entre &hellip; <a href=\"https:\/\/www.cultivons-la-sante.ch\/?page_id=61\">Lire la suite <span class=\"meta-nav\">&rarr;<\/span><\/a><\/p>\n","protected":false},"author":1,"featured_media":0,"parent":23,"menu_order":0,"comment_status":"open","ping_status":"open","template":"","meta":[],"_links":{"self":[{"href":"https:\/\/www.cultivons-la-sante.ch\/index.php?rest_route=\/wp\/v2\/pages\/61"}],"collection":[{"href":"https:\/\/www.cultivons-la-sante.ch\/index.php?rest_route=\/wp\/v2\/pages"}],"about":[{"href":"https:\/\/www.cultivons-la-sante.ch\/index.php?rest_route=\/wp\/v2\/types\/page"}],"author":[{"embeddable":true,"href":"https:\/\/www.cultivons-la-sante.ch\/index.php?rest_route=\/wp\/v2\/users\/1"}],"replies":[{"embeddable":true,"href":"https:\/\/www.cultivons-la-sante.ch\/index.php?rest_route=%2Fwp%2Fv2%2Fcomments&post=61"}],"version-history":[{"count":1,"href":"https:\/\/www.cultivons-la-sante.ch\/index.php?rest_route=\/wp\/v2\/pages\/61\/revisions"}],"predecessor-version":[{"id":283,"href":"https:\/\/www.cultivons-la-sante.ch\/index.php?rest_route=\/wp\/v2\/pages\/61\/revisions\/283"}],"up":[{"embeddable":true,"href":"https:\/\/www.cultivons-la-sante.ch\/index.php?rest_route=\/wp\/v2\/pages\/23"}],"wp:attachment":[{"href":"https:\/\/www.cultivons-la-sante.ch\/index.php?rest_route=%2Fwp%2Fv2%2Fmedia&parent=61"}],"curies":[{"name":"wp","href":"https:\/\/api.w.org\/{rel}","templated":true}]}}