{"id":59,"date":"2011-10-25T21:32:00","date_gmt":"2011-10-25T21:32:00","guid":{"rendered":"http:\/\/localhost:8888\/wordpress\/?page_id=59"},"modified":"2011-10-25T21:32:00","modified_gmt":"2011-10-25T21:32:00","slug":"allaitement-maternel","status":"publish","type":"page","link":"https:\/\/www.cultivons-la-sante.ch\/?page_id=59","title":{"rendered":"Allaitement maternel"},"content":{"rendered":"<p>Aider les mamans \u00e0 nourrir leur nouveau-n\u00e9<\/p>\n<p>Conseils et mat\u00e9riels<\/p>\n","protected":false},"excerpt":{"rendered":"<p>Aider les mamans \u00e0 nourrir leur nouveau-n\u00e9 Conseils et mat\u00e9riels<\/p>\n","protected":false},"author":1,"featured_media":0,"parent":54,"menu_order":1,"comment_status":"open","ping_status":"open","template":"","meta":[],"_links":{"self":[{"href":"https:\/\/www.cultivons-la-sante.ch\/index.php?rest_route=\/wp\/v2\/pages\/59"}],"collection":[{"href":"https:\/\/www.cultivons-la-sante.ch\/index.php?rest_route=\/wp\/v2\/pages"}],"about":[{"href":"https:\/\/www.cultivons-la-sante.ch\/index.php?rest_route=\/wp\/v2\/types\/page"}],"author":[{"embeddable":true,"href":"https:\/\/www.cultivons-la-sante.ch\/index.php?rest_route=\/wp\/v2\/users\/1"}],"replies":[{"embeddable":true,"href":"https:\/\/www.cultivons-la-sante.ch\/index.php?rest_route=%2Fwp%2Fv2%2Fcomments&post=59"}],"version-history":[{"count":0,"href":"https:\/\/www.cultivons-la-sante.ch\/index.php?rest_route=\/wp\/v2\/pages\/59\/revisions"}],"up":[{"embeddable":true,"href":"https:\/\/www.cultivons-la-sante.ch\/index.php?rest_route=\/wp\/v2\/pages\/54"}],"wp:attachment":[{"href":"https:\/\/www.cultivons-la-sante.ch\/index.php?rest_route=%2Fwp%2Fv2%2Fmedia&parent=59"}],"curies":[{"name":"wp","href":"https:\/\/api.w.org\/{rel}","templated":true}]}}