{"id":54,"date":"2011-10-25T21:28:48","date_gmt":"2011-10-25T21:28:48","guid":{"rendered":"http:\/\/localhost:8888\/wordpress\/?page_id=54"},"modified":"2011-10-25T21:28:48","modified_gmt":"2011-10-25T21:28:48","slug":"alimentation","status":"publish","type":"page","link":"https:\/\/www.cultivons-la-sante.ch\/?page_id=54","title":{"rendered":"Alimentation"},"content":{"rendered":"<p>L\u2019une des probl\u00e9matiques rencontr\u00e9es au niveau alimentaires est la raret\u00e9 des ressources en prot\u00e9ines et la non variation de l\u2019alimentation. Un enseignement est dispens\u00e9 par rapport \u00e0 la nutrition en utilisant les produits locaux vari\u00e9s et contentant les prot\u00e9ines, lipides, glucides et vitamines. Par l\u2019agriculture et de petits projets d\u2019\u00e9levage (de poules ou ch\u00e8vres par exemple), l\u2019apport en prot\u00e9ines sera garanti.<\/p>\n","protected":false},"excerpt":{"rendered":"<p>L\u2019une des probl\u00e9matiques rencontr\u00e9es au niveau alimentaires est la raret\u00e9 des ressources en prot\u00e9ines et la non variation de l\u2019alimentation. Un enseignement est dispens\u00e9 par rapport \u00e0 la nutrition en utilisant les produits locaux vari\u00e9s et contentant les prot\u00e9ines, lipides, &hellip; <a href=\"https:\/\/www.cultivons-la-sante.ch\/?page_id=54\">Lire la suite <span class=\"meta-nav\">&rarr;<\/span><\/a><\/p>\n","protected":false},"author":1,"featured_media":0,"parent":20,"menu_order":1,"comment_status":"open","ping_status":"open","template":"","meta":[],"_links":{"self":[{"href":"https:\/\/www.cultivons-la-sante.ch\/index.php?rest_route=\/wp\/v2\/pages\/54"}],"collection":[{"href":"https:\/\/www.cultivons-la-sante.ch\/index.php?rest_route=\/wp\/v2\/pages"}],"about":[{"href":"https:\/\/www.cultivons-la-sante.ch\/index.php?rest_route=\/wp\/v2\/types\/page"}],"author":[{"embeddable":true,"href":"https:\/\/www.cultivons-la-sante.ch\/index.php?rest_route=\/wp\/v2\/users\/1"}],"replies":[{"embeddable":true,"href":"https:\/\/www.cultivons-la-sante.ch\/index.php?rest_route=%2Fwp%2Fv2%2Fcomments&post=54"}],"version-history":[{"count":0,"href":"https:\/\/www.cultivons-la-sante.ch\/index.php?rest_route=\/wp\/v2\/pages\/54\/revisions"}],"up":[{"embeddable":true,"href":"https:\/\/www.cultivons-la-sante.ch\/index.php?rest_route=\/wp\/v2\/pages\/20"}],"wp:attachment":[{"href":"https:\/\/www.cultivons-la-sante.ch\/index.php?rest_route=%2Fwp%2Fv2%2Fmedia&parent=54"}],"curies":[{"name":"wp","href":"https:\/\/api.w.org\/{rel}","templated":true}]}}