{"id":52,"date":"2011-10-25T21:26:47","date_gmt":"2011-10-25T21:26:47","guid":{"rendered":"http:\/\/localhost:8888\/wordpress\/?page_id=52"},"modified":"2011-10-25T21:26:47","modified_gmt":"2011-10-25T21:26:47","slug":"lavage-des-mains","status":"publish","type":"page","link":"https:\/\/www.cultivons-la-sante.ch\/?page_id=52","title":{"rendered":"Lavage des mains"},"content":{"rendered":"<p>Au Burundi, seulement 38 pour cent des femmes se lavent les mains au savon avant de pr\u00e9parer le repas, 40 pour cent avant de s&rsquo;occuper du b\u00e9b\u00e9 et 50 pour cent apr\u00e8s avoir utilis\u00e9 les toilettes, indique une enqu\u00eate sur les connaissances, attitudes et pratiques pour la survie et le d\u00e9veloppement de l\u2019enfant dans ce pays, men\u00e9e en 2010, dont les r\u00e9sultats sont publi\u00e9s par le Fonds des Nations unies pour l&rsquo;enfance (UNICEF).<\/p>\n<p>Les cinq moments critiques pour le lavage des mains sont: avant de pr\u00e9parer le repas, avant de manger, avant de s\u2019occuper du b\u00e9b\u00e9, apr\u00e8s avoir utilis\u00e9 les toilettes et apr\u00e8s avoir chang\u00e9 les couches du b\u00e9b\u00e9.<\/p>\n<p>Selon l&rsquo;UNICEF, environ 8.000 enfants burundais d\u00e9c\u00e8dent chaque ann\u00e9e avant leur cinqui\u00e8me anniversaire des suites de diarrh\u00e9e.<\/p>\n","protected":false},"excerpt":{"rendered":"<p>Au Burundi, seulement 38 pour cent des femmes se lavent les mains au savon avant de pr\u00e9parer le repas, 40 pour cent avant de s&rsquo;occuper du b\u00e9b\u00e9 et 50 pour cent apr\u00e8s avoir utilis\u00e9 les toilettes, indique une enqu\u00eate sur &hellip; <a href=\"https:\/\/www.cultivons-la-sante.ch\/?page_id=52\">Lire la suite <span class=\"meta-nav\">&rarr;<\/span><\/a><\/p>\n","protected":false},"author":1,"featured_media":0,"parent":49,"menu_order":0,"comment_status":"open","ping_status":"open","template":"","meta":[],"_links":{"self":[{"href":"https:\/\/www.cultivons-la-sante.ch\/index.php?rest_route=\/wp\/v2\/pages\/52"}],"collection":[{"href":"https:\/\/www.cultivons-la-sante.ch\/index.php?rest_route=\/wp\/v2\/pages"}],"about":[{"href":"https:\/\/www.cultivons-la-sante.ch\/index.php?rest_route=\/wp\/v2\/types\/page"}],"author":[{"embeddable":true,"href":"https:\/\/www.cultivons-la-sante.ch\/index.php?rest_route=\/wp\/v2\/users\/1"}],"replies":[{"embeddable":true,"href":"https:\/\/www.cultivons-la-sante.ch\/index.php?rest_route=%2Fwp%2Fv2%2Fcomments&post=52"}],"version-history":[{"count":0,"href":"https:\/\/www.cultivons-la-sante.ch\/index.php?rest_route=\/wp\/v2\/pages\/52\/revisions"}],"up":[{"embeddable":true,"href":"https:\/\/www.cultivons-la-sante.ch\/index.php?rest_route=\/wp\/v2\/pages\/49"}],"wp:attachment":[{"href":"https:\/\/www.cultivons-la-sante.ch\/index.php?rest_route=%2Fwp%2Fv2%2Fmedia&parent=52"}],"curies":[{"name":"wp","href":"https:\/\/api.w.org\/{rel}","templated":true}]}}