{"id":5,"date":"2011-10-24T19:40:28","date_gmt":"2011-10-24T19:40:28","guid":{"rendered":"http:\/\/localhost:8888\/wordpress\/?page_id=2"},"modified":"2014-11-28T17:38:58","modified_gmt":"2014-11-28T17:38:58","slug":"page-d-exemple-2","status":"publish","type":"page","link":"https:\/\/www.cultivons-la-sante.ch\/?page_id=5","title":{"rendered":"Association"},"content":{"rendered":"<p>L\u2019association est active dans des zones rurales d\u2019un pays extr\u00eamement pauvre et o\u00f9 la population est vuln\u00e9rable. Les diarrh\u00e9es, le paludisme, la malnutrition sont parmi les principales causes de d\u00e9c\u00e8s. L\u2019association vise \u00e0 r\u00e9duire la mortalit\u00e9 et la morbidit\u00e9 des populations locales vivant dans ces r\u00e9gions.<\/p>\n","protected":false},"excerpt":{"rendered":"<p>L\u2019association est active dans des zones rurales d\u2019un pays extr\u00eamement pauvre et o\u00f9 la population est vuln\u00e9rable. Les diarrh\u00e9es, le paludisme, la malnutrition sont parmi les principales causes de d\u00e9c\u00e8s. L\u2019association vise \u00e0 r\u00e9duire la mortalit\u00e9 et la morbidit\u00e9 des &hellip; <a href=\"https:\/\/www.cultivons-la-sante.ch\/?page_id=5\">Lire la suite <span class=\"meta-nav\">&rarr;<\/span><\/a><\/p>\n","protected":false},"author":1,"featured_media":0,"parent":0,"menu_order":1,"comment_status":"open","ping_status":"open","template":"","meta":[],"_links":{"self":[{"href":"https:\/\/www.cultivons-la-sante.ch\/index.php?rest_route=\/wp\/v2\/pages\/5"}],"collection":[{"href":"https:\/\/www.cultivons-la-sante.ch\/index.php?rest_route=\/wp\/v2\/pages"}],"about":[{"href":"https:\/\/www.cultivons-la-sante.ch\/index.php?rest_route=\/wp\/v2\/types\/page"}],"author":[{"embeddable":true,"href":"https:\/\/www.cultivons-la-sante.ch\/index.php?rest_route=\/wp\/v2\/users\/1"}],"replies":[{"embeddable":true,"href":"https:\/\/www.cultivons-la-sante.ch\/index.php?rest_route=%2Fwp%2Fv2%2Fcomments&post=5"}],"version-history":[{"count":5,"href":"https:\/\/www.cultivons-la-sante.ch\/index.php?rest_route=\/wp\/v2\/pages\/5\/revisions"}],"predecessor-version":[{"id":313,"href":"https:\/\/www.cultivons-la-sante.ch\/index.php?rest_route=\/wp\/v2\/pages\/5\/revisions\/313"}],"wp:attachment":[{"href":"https:\/\/www.cultivons-la-sante.ch\/index.php?rest_route=%2Fwp%2Fv2%2Fmedia&parent=5"}],"curies":[{"name":"wp","href":"https:\/\/api.w.org\/{rel}","templated":true}]}}