{"id":49,"date":"2011-10-25T21:25:31","date_gmt":"2011-10-25T21:25:31","guid":{"rendered":"http:\/\/localhost:8888\/wordpress\/?page_id=49"},"modified":"2011-10-25T21:25:31","modified_gmt":"2011-10-25T21:25:31","slug":"hygiene","status":"publish","type":"page","link":"https:\/\/www.cultivons-la-sante.ch\/?page_id=49","title":{"rendered":"Hygi\u00e8ne"},"content":{"rendered":"<p>Dans les diff\u00e9rentes cat\u00e9gories d\u2019\u00e2ges de la population burundaise, l\u2019UNICEF estime \u00e0 plus de 80 pc des maladies diarrh\u00e9iques qui sont dues aux mauvaises conditions d\u2019hygi\u00e8ne, combin\u00e9es \u00e0 l\u2019insuffisance d\u2019installations sanitaires ad\u00e9quates et correctement utilis\u00e9es au niveau familial.<\/p>\n<p>Par ailleurs, les mains sales seraient porteuses de micro-organismes responsables d\u2019un certain nombre d\u2019autres infections, telles que les infections intestinales, la pneumonie et les conjonctivites. Les mains sales sont encore \u00e0 l\u2019origine de pr\u00e8s de 23 pc des infections respiratoires aigu\u00ebs, l\u2019autre grande cause de mortalit\u00e9 chez les enfants de moins de cinq ans au Burundi.<\/p>\n<p>Le lavage syst\u00e9matique des mains au savon serait \u00e9galement, selon l&rsquo;UNICEF, un moyen efficace de lutte contre le chol\u00e9ra qui s\u00e9vit actuellement dans plusieurs provinces du Burundi, avec un total\u00a0 de 940 cas notifi\u00e9s, dont 12 d\u00e9c\u00e8s depuis la d\u00e9claration officielle de l\u2019\u00e9pid\u00e9mie le 19 ao\u00fbt 2011. Souvent surnomm\u00e9 \u00ab\u00a0la maladie des mains sales\u00a0\u00bb, le chol\u00e9ra, dont les principaux sympt\u00f4mes sont les diarrh\u00e9es et les vomissements, s\u00e9vit dans plusieurs localit\u00e9s du Burundi depuis 1978, rappelle l&rsquo;UNICEF.<\/p>\n","protected":false},"excerpt":{"rendered":"<p>Dans les diff\u00e9rentes cat\u00e9gories d\u2019\u00e2ges de la population burundaise, l\u2019UNICEF estime \u00e0 plus de 80 pc des maladies diarrh\u00e9iques qui sont dues aux mauvaises conditions d\u2019hygi\u00e8ne, combin\u00e9es \u00e0 l\u2019insuffisance d\u2019installations sanitaires ad\u00e9quates et correctement utilis\u00e9es au niveau familial. Par ailleurs, &hellip; <a href=\"https:\/\/www.cultivons-la-sante.ch\/?page_id=49\">Lire la suite <span class=\"meta-nav\">&rarr;<\/span><\/a><\/p>\n","protected":false},"author":1,"featured_media":0,"parent":20,"menu_order":0,"comment_status":"open","ping_status":"open","template":"","meta":[],"_links":{"self":[{"href":"https:\/\/www.cultivons-la-sante.ch\/index.php?rest_route=\/wp\/v2\/pages\/49"}],"collection":[{"href":"https:\/\/www.cultivons-la-sante.ch\/index.php?rest_route=\/wp\/v2\/pages"}],"about":[{"href":"https:\/\/www.cultivons-la-sante.ch\/index.php?rest_route=\/wp\/v2\/types\/page"}],"author":[{"embeddable":true,"href":"https:\/\/www.cultivons-la-sante.ch\/index.php?rest_route=\/wp\/v2\/users\/1"}],"replies":[{"embeddable":true,"href":"https:\/\/www.cultivons-la-sante.ch\/index.php?rest_route=%2Fwp%2Fv2%2Fcomments&post=49"}],"version-history":[{"count":0,"href":"https:\/\/www.cultivons-la-sante.ch\/index.php?rest_route=\/wp\/v2\/pages\/49\/revisions"}],"up":[{"embeddable":true,"href":"https:\/\/www.cultivons-la-sante.ch\/index.php?rest_route=\/wp\/v2\/pages\/20"}],"wp:attachment":[{"href":"https:\/\/www.cultivons-la-sante.ch\/index.php?rest_route=%2Fwp%2Fv2%2Fmedia&parent=49"}],"curies":[{"name":"wp","href":"https:\/\/api.w.org\/{rel}","templated":true}]}}