{"id":45,"date":"2011-10-25T21:21:23","date_gmt":"2011-10-25T21:21:23","guid":{"rendered":"http:\/\/localhost:8888\/wordpress\/?page_id=45"},"modified":"2017-08-10T09:08:13","modified_gmt":"2017-08-10T09:08:13","slug":"nos-membres","status":"publish","type":"page","link":"https:\/\/www.cultivons-la-sante.ch\/?page_id=45","title":{"rendered":"Nos Membres"},"content":{"rendered":"<p><strong><\/strong>Eraste NDAYISHIMIYE\u00a0: Pr\u00e9sident et Tr\u00e9sorier<\/p>\n<p>H\u00e9l\u00e8ne ROY\u00a0: Secr\u00e9taire<\/p>\n<p>Lydia MAGUETTI\u00a0: Membre<\/p>\n<p>Caroline DUCREST : Membre<\/p>\n<p>Odile CHARRIERE\u00a0: Membre<\/p>\n<p>Emmanuelle DELCROIX\u00a0: Membre<\/p>\n","protected":false},"excerpt":{"rendered":"<p>Eraste NDAYISHIMIYE\u00a0: Pr\u00e9sident et Tr\u00e9sorier H\u00e9l\u00e8ne ROY\u00a0: Secr\u00e9taire Lydia MAGUETTI\u00a0: Membre Caroline DUCREST : Membre Odile CHARRIERE\u00a0: Membre Emmanuelle DELCROIX\u00a0: Membre<\/p>\n","protected":false},"author":1,"featured_media":0,"parent":5,"menu_order":1,"comment_status":"open","ping_status":"open","template":"","meta":[],"_links":{"self":[{"href":"https:\/\/www.cultivons-la-sante.ch\/index.php?rest_route=\/wp\/v2\/pages\/45"}],"collection":[{"href":"https:\/\/www.cultivons-la-sante.ch\/index.php?rest_route=\/wp\/v2\/pages"}],"about":[{"href":"https:\/\/www.cultivons-la-sante.ch\/index.php?rest_route=\/wp\/v2\/types\/page"}],"author":[{"embeddable":true,"href":"https:\/\/www.cultivons-la-sante.ch\/index.php?rest_route=\/wp\/v2\/users\/1"}],"replies":[{"embeddable":true,"href":"https:\/\/www.cultivons-la-sante.ch\/index.php?rest_route=%2Fwp%2Fv2%2Fcomments&post=45"}],"version-history":[{"count":2,"href":"https:\/\/www.cultivons-la-sante.ch\/index.php?rest_route=\/wp\/v2\/pages\/45\/revisions"}],"predecessor-version":[{"id":375,"href":"https:\/\/www.cultivons-la-sante.ch\/index.php?rest_route=\/wp\/v2\/pages\/45\/revisions\/375"}],"up":[{"embeddable":true,"href":"https:\/\/www.cultivons-la-sante.ch\/index.php?rest_route=\/wp\/v2\/pages\/5"}],"wp:attachment":[{"href":"https:\/\/www.cultivons-la-sante.ch\/index.php?rest_route=%2Fwp%2Fv2%2Fmedia&parent=45"}],"curies":[{"name":"wp","href":"https:\/\/api.w.org\/{rel}","templated":true}]}}