{"id":298,"date":"2012-02-19T09:38:53","date_gmt":"2012-02-19T09:38:53","guid":{"rendered":"http:\/\/www.cultivons-la-sante.ch\/?page_id=298"},"modified":"2016-03-12T22:59:42","modified_gmt":"2016-03-12T22:59:42","slug":"news","status":"publish","type":"page","link":"https:\/\/www.cultivons-la-sante.ch\/?page_id=298","title":{"rendered":"News"},"content":{"rendered":"<p>Projets actuellement sur terrain :<\/p>\n<p>&#8211; Fit4Care@School &amp; Clean4Care@School<\/p>\n<p>&#8211; Lavage des mains<\/p>\n<p>&#8211; Culture \/ consommation de l\u00e9gumes<\/p>\n<p>&#8211; Ateliers de promotion \/ pr\u00e9vention de la sant\u00e9 dans les \u00e9coles primaires<\/p>\n<p>&nbsp;<\/p>\n<p><em><strong><span style=\"color: #0000ff;\">Merci pour votre soutien au\u00a0 CCP : 12 &#8211; 109214 &#8211; 7<\/span><\/strong><\/em><\/p>\n<p>&nbsp;<\/p>\n","protected":false},"excerpt":{"rendered":"<p>Projets actuellement sur terrain : &#8211; Fit4Care@School &amp; Clean4Care@School &#8211; Lavage des mains &#8211; Culture \/ consommation de l\u00e9gumes &#8211; Ateliers de promotion \/ pr\u00e9vention de la sant\u00e9 dans les \u00e9coles primaires &nbsp; Merci pour votre soutien au\u00a0 CCP : &hellip; <a href=\"https:\/\/www.cultivons-la-sante.ch\/?page_id=298\">Lire la suite <span class=\"meta-nav\">&rarr;<\/span><\/a><\/p>\n","protected":false},"author":1,"featured_media":0,"parent":0,"menu_order":5,"comment_status":"open","ping_status":"open","template":"","meta":[],"_links":{"self":[{"href":"https:\/\/www.cultivons-la-sante.ch\/index.php?rest_route=\/wp\/v2\/pages\/298"}],"collection":[{"href":"https:\/\/www.cultivons-la-sante.ch\/index.php?rest_route=\/wp\/v2\/pages"}],"about":[{"href":"https:\/\/www.cultivons-la-sante.ch\/index.php?rest_route=\/wp\/v2\/types\/page"}],"author":[{"embeddable":true,"href":"https:\/\/www.cultivons-la-sante.ch\/index.php?rest_route=\/wp\/v2\/users\/1"}],"replies":[{"embeddable":true,"href":"https:\/\/www.cultivons-la-sante.ch\/index.php?rest_route=%2Fwp%2Fv2%2Fcomments&post=298"}],"version-history":[{"count":12,"href":"https:\/\/www.cultivons-la-sante.ch\/index.php?rest_route=\/wp\/v2\/pages\/298\/revisions"}],"predecessor-version":[{"id":365,"href":"https:\/\/www.cultivons-la-sante.ch\/index.php?rest_route=\/wp\/v2\/pages\/298\/revisions\/365"}],"wp:attachment":[{"href":"https:\/\/www.cultivons-la-sante.ch\/index.php?rest_route=%2Fwp%2Fv2%2Fmedia&parent=298"}],"curies":[{"name":"wp","href":"https:\/\/api.w.org\/{rel}","templated":true}]}}