{"id":27,"date":"2011-10-25T21:11:05","date_gmt":"2011-10-25T21:11:05","guid":{"rendered":"http:\/\/localhost:8888\/wordpress\/?page_id=27"},"modified":"2023-02-24T20:42:46","modified_gmt":"2023-02-24T20:42:46","slug":"contact","status":"publish","type":"page","link":"https:\/\/www.cultivons-la-sante.ch\/?page_id=27","title":{"rendered":"Contact"},"content":{"rendered":"<p>Pour tout compl\u00e9ment d&rsquo;informations ou questions suppl\u00e9mentaires :<\/p>\n<p><strong>E-mail<\/strong><br \/>\ninfo@cultivons-la-sante.ch<\/p>\n<p><strong>Adresse Postale<\/strong><br \/>\nAssociation Soins &amp; Education pour la Sant\u00e9<br \/>\nC\/O\u00a0: Eraste NDAYISHIMIYE<br \/>\nLa Charri\u00e8re 2<br \/>\nCH &#8211; 1740 Neyruz\u00a0 \u00a0\/ Suisse<\/p>\n<p>CCP : 12-109214-7<\/p>\n","protected":false},"excerpt":{"rendered":"<p>Pour tout compl\u00e9ment d&rsquo;informations ou questions suppl\u00e9mentaires : E-mail info@cultivons-la-sante.ch Adresse Postale Association Soins &amp; Education pour la Sant\u00e9 C\/O\u00a0: Eraste NDAYISHIMIYE La Charri\u00e8re 2 CH &#8211; 1740 Neyruz\u00a0 \u00a0\/ Suisse CCP : 12-109214-7<\/p>\n","protected":false},"author":1,"featured_media":0,"parent":0,"menu_order":5,"comment_status":"open","ping_status":"open","template":"","meta":[],"_links":{"self":[{"href":"https:\/\/www.cultivons-la-sante.ch\/index.php?rest_route=\/wp\/v2\/pages\/27"}],"collection":[{"href":"https:\/\/www.cultivons-la-sante.ch\/index.php?rest_route=\/wp\/v2\/pages"}],"about":[{"href":"https:\/\/www.cultivons-la-sante.ch\/index.php?rest_route=\/wp\/v2\/types\/page"}],"author":[{"embeddable":true,"href":"https:\/\/www.cultivons-la-sante.ch\/index.php?rest_route=\/wp\/v2\/users\/1"}],"replies":[{"embeddable":true,"href":"https:\/\/www.cultivons-la-sante.ch\/index.php?rest_route=%2Fwp%2Fv2%2Fcomments&post=27"}],"version-history":[{"count":8,"href":"https:\/\/www.cultivons-la-sante.ch\/index.php?rest_route=\/wp\/v2\/pages\/27\/revisions"}],"predecessor-version":[{"id":385,"href":"https:\/\/www.cultivons-la-sante.ch\/index.php?rest_route=\/wp\/v2\/pages\/27\/revisions\/385"}],"wp:attachment":[{"href":"https:\/\/www.cultivons-la-sante.ch\/index.php?rest_route=%2Fwp%2Fv2%2Fmedia&parent=27"}],"curies":[{"name":"wp","href":"https:\/\/api.w.org\/{rel}","templated":true}]}}