{"id":23,"date":"2011-10-25T21:10:28","date_gmt":"2011-10-25T21:10:28","guid":{"rendered":"http:\/\/localhost:8888\/wordpress\/?page_id=23"},"modified":"2011-10-25T21:10:28","modified_gmt":"2011-10-25T21:10:28","slug":"soins","status":"publish","type":"page","link":"https:\/\/www.cultivons-la-sante.ch\/?page_id=23","title":{"rendered":"Soins"},"content":{"rendered":"<p>Les soins les plus basiques sont \u00e0 faire entrer dans les m\u0153urs. Gr\u00e2ce \u00e0 une approche d&rsquo;apprentissage et d&rsquo;encadrement, les gestes simples pourront am\u00e9liorer la vie des plus petits et des grands et qui sait peut-\u00eatre leur sauver la vie.<\/p>\n","protected":false},"excerpt":{"rendered":"<p>Les soins les plus basiques sont \u00e0 faire entrer dans les m\u0153urs. Gr\u00e2ce \u00e0 une approche d&rsquo;apprentissage et d&rsquo;encadrement, les gestes simples pourront am\u00e9liorer la vie des plus petits et des grands et qui sait peut-\u00eatre leur sauver la vie.<\/p>\n","protected":false},"author":1,"featured_media":0,"parent":0,"menu_order":3,"comment_status":"open","ping_status":"open","template":"","meta":[],"_links":{"self":[{"href":"https:\/\/www.cultivons-la-sante.ch\/index.php?rest_route=\/wp\/v2\/pages\/23"}],"collection":[{"href":"https:\/\/www.cultivons-la-sante.ch\/index.php?rest_route=\/wp\/v2\/pages"}],"about":[{"href":"https:\/\/www.cultivons-la-sante.ch\/index.php?rest_route=\/wp\/v2\/types\/page"}],"author":[{"embeddable":true,"href":"https:\/\/www.cultivons-la-sante.ch\/index.php?rest_route=\/wp\/v2\/users\/1"}],"replies":[{"embeddable":true,"href":"https:\/\/www.cultivons-la-sante.ch\/index.php?rest_route=%2Fwp%2Fv2%2Fcomments&post=23"}],"version-history":[{"count":0,"href":"https:\/\/www.cultivons-la-sante.ch\/index.php?rest_route=\/wp\/v2\/pages\/23\/revisions"}],"wp:attachment":[{"href":"https:\/\/www.cultivons-la-sante.ch\/index.php?rest_route=%2Fwp%2Fv2%2Fmedia&parent=23"}],"curies":[{"name":"wp","href":"https:\/\/api.w.org\/{rel}","templated":true}]}}