{"id":20,"date":"2011-10-25T21:10:06","date_gmt":"2011-10-25T21:10:06","guid":{"rendered":"http:\/\/localhost:8888\/wordpress\/?page_id=20"},"modified":"2011-10-25T21:10:06","modified_gmt":"2011-10-25T21:10:06","slug":"education-a-la-sante","status":"publish","type":"page","link":"https:\/\/www.cultivons-la-sante.ch\/?page_id=20","title":{"rendered":"Education \u00e0 la Sant\u00e9"},"content":{"rendered":"<p>L\u2019association \u00ab\u00a0Cultivons la Sant\u00e9\u00a0\u00bb vise une meilleure compr\u00e9hension des populations rurales aux avantages de laver les mains dans la pr\u00e9ventions des maladies diarrh\u00e9iques. Nous sommes convaincus qu\u2019une prise de conscience individuelle via l\u2019\u00e9ducation \u00e0 la sant\u00e9 permettra une meilleure gestion collective des probl\u00e9matiques sanitaires et ainsi un frein \u00e0 la mortalit\u00e9 en partie caus\u00e9e par le d\u00e9ficit dans le lavage des mains.<\/p>\n","protected":false},"excerpt":{"rendered":"<p>L\u2019association \u00ab\u00a0Cultivons la Sant\u00e9\u00a0\u00bb vise une meilleure compr\u00e9hension des populations rurales aux avantages de laver les mains dans la pr\u00e9ventions des maladies diarrh\u00e9iques. Nous sommes convaincus qu\u2019une prise de conscience individuelle via l\u2019\u00e9ducation \u00e0 la sant\u00e9 permettra une meilleure gestion &hellip; <a href=\"https:\/\/www.cultivons-la-sante.ch\/?page_id=20\">Lire la suite <span class=\"meta-nav\">&rarr;<\/span><\/a><\/p>\n","protected":false},"author":1,"featured_media":0,"parent":0,"menu_order":2,"comment_status":"open","ping_status":"open","template":"","meta":[],"_links":{"self":[{"href":"https:\/\/www.cultivons-la-sante.ch\/index.php?rest_route=\/wp\/v2\/pages\/20"}],"collection":[{"href":"https:\/\/www.cultivons-la-sante.ch\/index.php?rest_route=\/wp\/v2\/pages"}],"about":[{"href":"https:\/\/www.cultivons-la-sante.ch\/index.php?rest_route=\/wp\/v2\/types\/page"}],"author":[{"embeddable":true,"href":"https:\/\/www.cultivons-la-sante.ch\/index.php?rest_route=\/wp\/v2\/users\/1"}],"replies":[{"embeddable":true,"href":"https:\/\/www.cultivons-la-sante.ch\/index.php?rest_route=%2Fwp%2Fv2%2Fcomments&post=20"}],"version-history":[{"count":0,"href":"https:\/\/www.cultivons-la-sante.ch\/index.php?rest_route=\/wp\/v2\/pages\/20\/revisions"}],"wp:attachment":[{"href":"https:\/\/www.cultivons-la-sante.ch\/index.php?rest_route=%2Fwp%2Fv2%2Fmedia&parent=20"}],"curies":[{"name":"wp","href":"https:\/\/api.w.org\/{rel}","templated":true}]}}